

{"id":4980,"date":"2021-10-04T15:45:31","date_gmt":"2021-10-04T15:45:31","guid":{"rendered":"https:\/\/sorgarmidstod.is\/resources-in-grief\/"},"modified":"2022-05-01T20:46:58","modified_gmt":"2022-05-01T20:46:58","slug":"resources-in-grief","status":"publish","type":"page","link":"https:\/\/sorgarmidstod.is\/en\/sadness\/good-advice\/resources-in-grief\/","title":{"rendered":"Resources in grief"},"content":{"rendered":"\t\t<div data-elementor-type=\"wp-page\" data-elementor-id=\"4980\" class=\"elementor elementor-4980 elementor-3243\" data-elementor-post-type=\"page\">\n\t\t\t\t\t\t<section class=\"elementor-section elementor-top-section elementor-element elementor-element-35f840a2 elementor-section-boxed elementor-section-height-default elementor-section-height-default\" data-id=\"35f840a2\" data-element_type=\"section\" data-e-type=\"section\">\n\t\t\t\t\t\t<div class=\"elementor-container elementor-column-gap-default\">\n\t\t\t\t\t<div class=\"elementor-column elementor-col-100 elementor-top-column elementor-element elementor-element-49f76ccc\" data-id=\"49f76ccc\" data-element_type=\"column\" data-e-type=\"column\">\n\t\t\t<div class=\"elementor-widget-wrap elementor-element-populated\">\n\t\t\t\t\t\t<div class=\"elementor-element elementor-element-687a9394 elementor-widget elementor-widget-text-editor\" data-id=\"687a9394\" data-element_type=\"widget\" data-e-type=\"widget\" data-widget_type=\"text-editor.default\">\n\t\t\t\t<div class=\"elementor-widget-container\">\n\t\t\t\t\t\t\t\t\t<p><\/p>\n<p>Grief takes time and can be very painful, but there are things that can help us feel better. We call them &#8220;resources&#8221; and they are of various kinds. Everyone needs to find their own way, because the same thing does not suit everyone. We are different, our losses and circumstances are different.<\/p>\n<p><\/p>\n<p>If you have a child\/children that you don\u2019t have the energy to take good care of, don\u2019t be ashamed of it. Remember that children have a statutory right to support from the health care center (Act no. 50\/2019). Get help so your child can receive this important support. It will help you too.<\/p>\n<p><\/p>\n<p>Here is advice submitted by people who are grieving.<\/p>\n<p><br><\/p>\n<p><\/p>\n<h2 class=\"wp-block-heading\"><strong>1. Seeking help<\/strong><\/h2>\n<p><\/p>\n<p>\u00b7 Communicate with other people, relatives, friends, co-workers and others in your inner circle.<\/p>\n<p><\/p>\n<p>\u00b7 Talk about the deceased with a friend or a professional.<\/p>\n<p><\/p>\n<p>\u00b7 Accept help, say &#8220;yes, thank you&#8221; to those who offer help.<\/p>\n<p><\/p>\n<p>\u00b7 Read\/listen\/watch content about grief, grief reactions, trauma, suicide (if applicable) or about&nbsp;<span style=\"font-size: 1rem\">the resources of others<\/span><\/p><p><span style=\"font-size: 1rem\">who have lost someone.<\/span><\/p>\n<p><\/p>\n<p>\u00b7 Peer conversation, i.e. meeting others who have experienced the same kind of loss, e.g. a widow meets a widow.<\/p>\n<p><\/p>\n<p>\u00b7 Finding a role model, i.e. people who have experienced trauma and gotten through it.<\/p>\n<p><\/p>\n<p>\u00b7 Reminiscing about warm memories of the person who has passed away and exchanging stories with those closest to you.<\/p>\n<p><\/p>\n<p>\u00b7 Exercising faith in a higher power, afterlife, or anything else that strengthens you.<\/p>\n<p><\/p>\n<p>\u00b7 Participating in a peer support group at Sorgarmi\u00f0st\u00f6\u00f0 (loss of spouse, loss of child, loss to suicide,&nbsp;<span style=\"font-size: 1rem\">parental loss, etc.).<\/span><\/p>\n<p><\/p>\n<p><\/p>\n<h2 class=\"wp-block-heading\"><strong>2.<\/strong> <strong>Self-care<\/strong><\/h2>\n<p><\/p>\n<p>\u00b7 Good sleep\/rest is vital. You may need the help of sleeping pills or sedatives for a while.<\/p>\n<p><\/p>\n<p>\u00b7 Regular and good nutrition is essential. Get someone to bring you food.<\/p>\n<p><\/p>\n<p>\u00b7 Utilizing nature and outdoor activities provides energy and releases tension. Walks are good, either alone or<\/p><p><span style=\"font-size: 1rem\">with others in the lowlands and in the mountains.<\/span><\/p>\n<p><\/p>\n<p>\u00b7 Be gentle with yourself. Allow yourself to not be able to handle everything.<\/p>\n<p><\/p>\n<p>\u00b7 Getting up, getting dressed, having something to do.<\/p>\n<p><\/p>\n<p>\u00b7 Having a photograph of those we grieve where we can see it.<\/p>\n<p><\/p>\n<p>\u00b7 Talking to the deceased loved one aloud or in your head.<\/p>\n<p><\/p>\n<p>\u00b7 Write an obituary or letter to them and publish or keep it.<\/p>\n<p><\/p>\n<p>\u00b7 Go to the grave\/memorial site, tidy up the site and light a light or plant flowers.<\/p>\n<p><\/p>\n<p>\u00b7 Being thankful for what you have, such as family, friends, health, memories.<\/p>\n<p><\/p>\n<p>\u00b7 Going to different types of yoga, for example yoga nidra or trauma yoga.<\/p>\n<p><\/p>\n<p>\u00b7 Going swimming, there is a sense of healing in water.<\/p>\n<p><\/p>\n<p>\u00b7 Going for a massage, it releases tears\/tension.<\/p>\n<p><\/p>\n<p>\u00b7 Meditating and\/or practicing mindfulness.<\/p>\n<p><\/p>\n<p>\u00b7 Writing a diary. Get release by putting your feelings and emotional state into words.<\/p>\n<p><\/p>\n<p>\u00b7 Allow yourself to cry. Crying relieves tension and you\u2019ll feel better afterwards.<\/p>\n<p><\/p>\n<p>\u00b7 &#8220;Turn on your grief&#8221;, choose a time and place that suits you. Listen to music, look at photos and<\/p>\n<p><\/p>\n<p> allow the grief to engulf you for a while.<\/p>\n<p><\/p>\n<p>\u00b7 Do good, for example by supporting a good cause or helping others in the same situation.<\/p>\n<p><\/p>\n<p><\/p>\n<h2 class=\"wp-block-heading\"><strong>3.<\/strong> <strong>Take a break from the grief, take your mind off it and do something completely different<\/strong><\/h2>\n<p><\/p>\n<p>\u00b7 Participate in sports activities such as golf, running, cycling, hiking, bootcamp training.<\/p>\n<p><\/p>\n<p>\u00b7 Watch TV\/internet or listen to music.<\/p>\n<p><\/p>\n<p>\u00b7 Use humor\/watch something funny. Allow yourself to laugh. It releases tension and hormones.<\/p>\n<p><\/p>\n<p>\u00b7 Maintaining a routine and having something to keep you occupied, such as caring for plants or pets.<\/p>\n<p><\/p>\n<p>\u00b7 Find release through creativity, for example writing poetry, stories, knitting, painting, making music, playing, singing.<\/p>\n<p><\/p>\n<p>\u00b7 Going to work when you are ready. It helps and then with a suitable employment ratio.<\/p>\n<p><\/p>\n<p>\u00b7 Finding hobbies or projects that you like, such as photography, organize photos,&nbsp;<span style=\"font-size: 1rem\">papers, other.<\/span><\/p>\n<p><\/p>\n<p>\u00b7 Planning holidays in advance: Have events scheduled such as going to the movies, for a car ride or to a dinner party.<\/p>\n<p><\/p>\n<p>\u00b7 Setting yourself goals, big or small. Focus on getting through the grief.<\/p>\n<p><\/p>\n<p>\u00b7 Stand by yourself and celebrate feelings such as anticipation.<\/p>\n<p><\/p>\n<p>\u00b7 Planning something fun, such as a trip.<\/p>\n<p><\/p>\n<p>\u00b7 Daring to start new relationships.<\/p>\n<p><\/p>\t\t\t\t\t\t\t\t<\/div>\n\t\t\t\t<\/div>\n\t\t\t\t\t<\/div>\n\t\t<\/div>\n\t\t\t\t\t<\/div>\n\t\t<\/section>\n\t\t\t\t<\/div>\n\t\t","protected":false},"excerpt":{"rendered":"<p>Grief takes time and can be very painful, but there are things that can help us feel better. We call them &#8220;resources&#8221; and they are of various kinds. Everyone needs to find their own way, because the same thing does not suit everyone. We are different, our losses and circumstances are different. If you have [&hellip;]<\/p>\n","protected":false},"author":1,"featured_media":0,"parent":11898,"menu_order":0,"comment_status":"closed","ping_status":"closed","template":"elementor_header_footer","meta":{"_exactmetrics_skip_tracking":false,"_exactmetrics_sitenote_active":false,"_exactmetrics_sitenote_note":"","_exactmetrics_sitenote_category":0,"footnotes":""},"class_list":["post-4980","page","type-page","status-publish","hentry"],"_links":{"self":[{"href":"https:\/\/sorgarmidstod.is\/en\/wp-json\/wp\/v2\/pages\/4980","targetHints":{"allow":["GET"]}}],"collection":[{"href":"https:\/\/sorgarmidstod.is\/en\/wp-json\/wp\/v2\/pages"}],"about":[{"href":"https:\/\/sorgarmidstod.is\/en\/wp-json\/wp\/v2\/types\/page"}],"author":[{"embeddable":true,"href":"https:\/\/sorgarmidstod.is\/en\/wp-json\/wp\/v2\/users\/1"}],"replies":[{"embeddable":true,"href":"https:\/\/sorgarmidstod.is\/en\/wp-json\/wp\/v2\/comments?post=4980"}],"version-history":[{"count":4,"href":"https:\/\/sorgarmidstod.is\/en\/wp-json\/wp\/v2\/pages\/4980\/revisions"}],"predecessor-version":[{"id":4986,"href":"https:\/\/sorgarmidstod.is\/en\/wp-json\/wp\/v2\/pages\/4980\/revisions\/4986"}],"up":[{"embeddable":true,"href":"https:\/\/sorgarmidstod.is\/en\/wp-json\/wp\/v2\/pages\/11898"}],"wp:attachment":[{"href":"https:\/\/sorgarmidstod.is\/en\/wp-json\/wp\/v2\/media?parent=4980"}],"curies":[{"name":"wp","href":"https:\/\/api.w.org\/{rel}","templated":true}]}}