

{"id":5322,"date":"2022-03-19T22:54:39","date_gmt":"2022-03-19T22:54:39","guid":{"rendered":"https:\/\/sorgarmidstod.is\/reading-material\/"},"modified":"2022-06-24T15:49:01","modified_gmt":"2022-06-24T15:49:01","slug":"reading-material","status":"publish","type":"page","link":"https:\/\/sorgarmidstod.is\/en\/published-material\/reading-material\/","title":{"rendered":"Reading material"},"content":{"rendered":"<p><\/p>\n<p>Books in English<\/p>\n<p><\/p>\n<ul class=\"wp-block-list\">\n<li>Silent grief &#8211; Lukas Christopher, Seiden Henry M., 1990. (Suicide)<\/li>\n<li>The Year Of Magical Thinking &#8211; Didion Joan, 2005.<\/li>\n<li>Bearing The Unbearable &#8211; Cacciatore Joanne, 2017.<\/li>\n<li>The Other Side Of Sadness &#8211; Bonanno George A., 2019.<\/li>\n<li>The five people you meet i heaven &#8211; Albom Mitch, 2003.<\/li>\n<li>The Choice: Escaping the Past and Embracing the Possible &#8211; Eger, Edith Eva, 2017. (This book is available on Storytel) (Suicide)<\/li>\n<li>When bad things happen to good people &#8211; Kushner, Harold S., 1983.<\/li>\n<li>Life After Suicide: Finding Courage, Comfort &amp; Community After Unthinkable Loss &#8211; Ashton Jennifer, 2019. (This book is available on Storytel)<\/li>\n<li>A special Scar &#8211; Wertheimer Alison, 2013. (Suicide)<\/li>\n<li>Passed and present. Keeping memories of loved ones alive &#8211; Gilbert Allison, 2016.<\/li>\n<\/ul>\n<p>\u00a0<\/p>\n<p>Books in English for children<\/p>\n<ul>\n<li>What on Earth Do You Do When Someone Dies? &#8211; Trevor Romain, 2010. A book that addresses the number of questions that children and adolescents ask after the loss of a loved one.<\/li>\n<li>When Dad Died &#8211; Gu\u00f0r\u00fan Alda Har\u00f0ard\u00f3ttir, 1983.\u00a0A realistic story about life and death, seen from the point of view of a six-year-old boy.<\/li>\n<li>The Brothers Lionheart &#8211; Astrid Lindgren, 2012.<\/li>\n<\/ul>\n<p><\/p>\n<p><\/p>\n<p>\u00a0<\/p>\n<p><\/p>\n<p><\/p>","protected":false},"excerpt":{"rendered":"<p>Books in English Silent grief &#8211; Lukas Christopher, Seiden Henry M., 1990. (Suicide) The Year Of Magical Thinking &#8211; Didion Joan, 2005. Bearing The Unbearable &#8211; Cacciatore Joanne, 2017. The Other Side Of Sadness &#8211; Bonanno George A., 2019. The five people you meet i heaven &#8211; Albom Mitch, 2003. The Choice: Escaping the Past [&hellip;]<\/p>\n","protected":false},"author":4,"featured_media":0,"parent":5317,"menu_order":0,"comment_status":"closed","ping_status":"closed","template":"","meta":{"_exactmetrics_skip_tracking":false,"_exactmetrics_sitenote_active":false,"_exactmetrics_sitenote_note":"","_exactmetrics_sitenote_category":0,"footnotes":""},"class_list":["post-5322","page","type-page","status-publish","hentry"],"_links":{"self":[{"href":"https:\/\/sorgarmidstod.is\/en\/wp-json\/wp\/v2\/pages\/5322","targetHints":{"allow":["GET"]}}],"collection":[{"href":"https:\/\/sorgarmidstod.is\/en\/wp-json\/wp\/v2\/pages"}],"about":[{"href":"https:\/\/sorgarmidstod.is\/en\/wp-json\/wp\/v2\/types\/page"}],"author":[{"embeddable":true,"href":"https:\/\/sorgarmidstod.is\/en\/wp-json\/wp\/v2\/users\/4"}],"replies":[{"embeddable":true,"href":"https:\/\/sorgarmidstod.is\/en\/wp-json\/wp\/v2\/comments?post=5322"}],"version-history":[{"count":7,"href":"https:\/\/sorgarmidstod.is\/en\/wp-json\/wp\/v2\/pages\/5322\/revisions"}],"predecessor-version":[{"id":5346,"href":"https:\/\/sorgarmidstod.is\/en\/wp-json\/wp\/v2\/pages\/5322\/revisions\/5346"}],"up":[{"embeddable":true,"href":"https:\/\/sorgarmidstod.is\/en\/wp-json\/wp\/v2\/pages\/5317"}],"wp:attachment":[{"href":"https:\/\/sorgarmidstod.is\/en\/wp-json\/wp\/v2\/media?parent=5322"}],"curies":[{"name":"wp","href":"https:\/\/api.w.org\/{rel}","templated":true}]}}