

{"id":10285,"date":"2025-08-14T14:49:04","date_gmt":"2025-08-14T14:49:04","guid":{"rendered":"https:\/\/sorgarmidstod.is\/?post_type=product&#038;p=10285"},"modified":"2025-08-18T12:34:19","modified_gmt":"2025-08-18T12:34:19","slug":"hlaupabolur","status":"publish","type":"product","link":"https:\/\/sorgarmidstod.is\/en\/vara\/hlaupabolur\/","title":{"rendered":"Hlaupabolur"},"content":{"rendered":"<p>Hlaupabolur Sorgarmi\u00f0st\u00f6\u00f0var.<br \/>\nFramleitt \u00far Neoteric efni sem hrindir fr\u00e1 s\u00e9r svita.<br \/>\nMe\u00f0 merki Sorgarmi\u00f0st\u00f6\u00f0var a\u00f0 framan og a\u00f0 aftan.<\/p>\n<p>St\u00e6r\u00f0ir:\u00a0 S -XL<\/p>\n","protected":false},"excerpt":{"rendered":"<p>Hlaupabolur Sorgarmi\u00f0st\u00f6\u00f0var. Framleitt \u00far Neoteric efni sem hrindir fr\u00e1 s\u00e9r svita. Me\u00f0 merki Sorgarmi\u00f0st\u00f6\u00f0var a\u00f0 framan og a\u00f0 aftan. St\u00e6r\u00f0ir:\u00a0 S -XL<\/p>\n","protected":false},"featured_media":10301,"template":"","meta":{"_exactmetrics_skip_tracking":false,"_exactmetrics_sitenote_active":false,"_exactmetrics_sitenote_note":"","_exactmetrics_sitenote_category":0},"product_brand":[],"product_cat":[66],"product_tag":[],"class_list":{"0":"post-10285","1":"product","2":"type-product","3":"status-publish","4":"has-post-thumbnail","6":"product_cat-annad","8":"first","9":"instock","10":"shipping-taxable","11":"purchasable","12":"product-type-variable"},"_links":{"self":[{"href":"https:\/\/sorgarmidstod.is\/en\/wp-json\/wp\/v2\/product\/10285","targetHints":{"allow":["GET"]}}],"collection":[{"href":"https:\/\/sorgarmidstod.is\/en\/wp-json\/wp\/v2\/product"}],"about":[{"href":"https:\/\/sorgarmidstod.is\/en\/wp-json\/wp\/v2\/types\/product"}],"wp:featuredmedia":[{"embeddable":true,"href":"https:\/\/sorgarmidstod.is\/en\/wp-json\/wp\/v2\/media\/10301"}],"wp:attachment":[{"href":"https:\/\/sorgarmidstod.is\/en\/wp-json\/wp\/v2\/media?parent=10285"}],"wp:term":[{"taxonomy":"product_brand","embeddable":true,"href":"https:\/\/sorgarmidstod.is\/en\/wp-json\/wp\/v2\/product_brand?post=10285"},{"taxonomy":"product_cat","embeddable":true,"href":"https:\/\/sorgarmidstod.is\/en\/wp-json\/wp\/v2\/product_cat?post=10285"},{"taxonomy":"product_tag","embeddable":true,"href":"https:\/\/sorgarmidstod.is\/en\/wp-json\/wp\/v2\/product_tag?post=10285"}],"curies":[{"name":"wp","href":"https:\/\/api.w.org\/{rel}","templated":true}]}}