

{"id":11455,"date":"2025-11-25T14:05:37","date_gmt":"2025-11-25T14:05:37","guid":{"rendered":"https:\/\/sorgarmidstod.is\/?post_type=product&#038;p=11455"},"modified":"2025-11-25T14:06:28","modified_gmt":"2025-11-25T14:06:28","slug":"sar-graeda-sar","status":"publish","type":"product","link":"https:\/\/sorgarmidstod.is\/en\/vara\/sar-graeda-sar\/","title":{"rendered":"S\u00e1r gr\u00e6\u00f0a s\u00e1r"},"content":{"rendered":"<p>\u00cd \u00feessari b\u00f3k sem er sj\u00e1lfst\u00e6tt framhald af b\u00f3kinni Hver vegur a\u00f0 heiman er vegur heim b\u00fd\u00f0ur h\u00f6fundurinn Vigf\u00fas Bjarni lesandanum me\u00f0 s\u00e9r \u00ed l\u00e6rd\u00f3msfer\u00f0. B\u00f3kin talar til samf\u00e9lagsins me\u00f0 marglaga h\u00e6tti, h\u00fan \u00e1varpar einstaklinga, fj\u00f6lskyldur, fagst\u00e9ttir og s\u00ed\u00f0ast en ekki s\u00edst \u00fe\u00e1 sem syrgja. H\u00fan varpar fram erfi\u00f0um spurningum en um lei\u00f0 kennir h\u00fan faglega n\u00e1lgun \u00ed krefjandi a\u00f0st\u00e6\u00f0um og er von h\u00f6fundar s\u00fa a\u00f0 \u00fe\u00e6r n\u00e1lganir geti reynst vel \u00ed torf\u00e6rum l\u00edfsins. H\u00e9r er komi\u00f0 inn \u00e1 sorg barna, \u00e1f\u00f6ll sem ver\u00f0a af mannav\u00f6ldum, harm fj\u00f6lskyldna, sorg kynsl\u00f3\u00f0a og samf\u00e9lags. En einnig er s\u00e9rstaklega l\u00f6g\u00f0 \u00e1hersla \u00e1 von, s\u00e1tt og fyrirgefningu; \u00fea\u00f0 a\u00f0 gera heilt.<\/p>\n<p>H\u00f6fundur hefur unni\u00f0 vi\u00f0 s\u00e1lg\u00e6slu \u00e1rum saman b\u00e6\u00f0i inni \u00e1 sj\u00fakrah\u00fasum og \u00ed kirkjunni. Hann situr \u00fev\u00ed vi\u00f0 lind sorgar og gle\u00f0i, lind reynslunnar og \u00far henni eys hann af varf\u00e6rni og \u00e1byrg\u00f0 svo a\u00f0 samfer\u00f0af\u00f3lki\u00f0 \u00ed l\u00e6rd\u00f3msfer\u00f0inni geti \u00e1tta\u00f0 sig sem best \u00e1 me\u00f0\u00f6lum s\u00e1lg\u00e6slunnar, m\u00f6guleikum hennar, en l\u00edka styrkleikum s\u00ednum og veikleikum en s\u00ed\u00f0ast en ekki s\u00edst \u00e1tta\u00f0 sig \u00e1 eigin st\u00f6\u00f0u \u00ed heimi \u00e1falla og \u00farvinnslu.<\/p>\n","protected":false},"excerpt":{"rendered":"<p>\u00cd \u00feessari b\u00f3k sem er sj\u00e1lfst\u00e6tt framhald af b\u00f3kinni Hver vegur a\u00f0 heiman er vegur heim b\u00fd\u00f0ur h\u00f6fundurinn Vigf\u00fas Bjarni lesandanum me\u00f0 s\u00e9r \u00ed l\u00e6rd\u00f3msfer\u00f0. B\u00f3kin talar til samf\u00e9lagsins me\u00f0 marglaga h\u00e6tti, h\u00fan \u00e1varpar einstaklinga, fj\u00f6lskyldur, fagst\u00e9ttir og s\u00ed\u00f0ast en ekki s\u00edst \u00fe\u00e1 sem syrgja. H\u00fan varpar fram erfi\u00f0um spurningum en um lei\u00f0 kennir h\u00fan [&hellip;]<\/p>\n","protected":false},"featured_media":11459,"template":"","meta":{"_exactmetrics_skip_tracking":false,"_exactmetrics_sitenote_active":false,"_exactmetrics_sitenote_note":"","_exactmetrics_sitenote_category":0},"product_brand":[],"product_cat":[44],"product_tag":[],"class_list":{"0":"post-11455","1":"product","2":"type-product","3":"status-publish","4":"has-post-thumbnail","6":"product_cat-baekur","8":"first","9":"instock","10":"shipping-taxable","11":"purchasable","12":"product-type-simple"},"_links":{"self":[{"href":"https:\/\/sorgarmidstod.is\/en\/wp-json\/wp\/v2\/product\/11455","targetHints":{"allow":["GET"]}}],"collection":[{"href":"https:\/\/sorgarmidstod.is\/en\/wp-json\/wp\/v2\/product"}],"about":[{"href":"https:\/\/sorgarmidstod.is\/en\/wp-json\/wp\/v2\/types\/product"}],"wp:featuredmedia":[{"embeddable":true,"href":"https:\/\/sorgarmidstod.is\/en\/wp-json\/wp\/v2\/media\/11459"}],"wp:attachment":[{"href":"https:\/\/sorgarmidstod.is\/en\/wp-json\/wp\/v2\/media?parent=11455"}],"wp:term":[{"taxonomy":"product_brand","embeddable":true,"href":"https:\/\/sorgarmidstod.is\/en\/wp-json\/wp\/v2\/product_brand?post=11455"},{"taxonomy":"product_cat","embeddable":true,"href":"https:\/\/sorgarmidstod.is\/en\/wp-json\/wp\/v2\/product_cat?post=11455"},{"taxonomy":"product_tag","embeddable":true,"href":"https:\/\/sorgarmidstod.is\/en\/wp-json\/wp\/v2\/product_tag?post=11455"}],"curies":[{"name":"wp","href":"https:\/\/api.w.org\/{rel}","templated":true}]}}