

{"id":11988,"date":"2026-01-13T12:01:44","date_gmt":"2026-01-13T12:01:44","guid":{"rendered":"https:\/\/sorgarmidstod.is\/?post_type=product&#038;p=11988"},"modified":"2026-01-13T12:01:44","modified_gmt":"2026-01-13T12:01:44","slug":"hver-vegur-ad-heiman-er-vegur-heim","status":"publish","type":"product","link":"https:\/\/sorgarmidstod.is\/en\/vara\/hver-vegur-ad-heiman-er-vegur-heim\/","title":{"rendered":"Hver vegur a\u00f0 heiman er vegur heim"},"content":{"rendered":"<p><strong>Vigf\u00fas Bjarni Albertsson<\/strong> deilir \u00ed \u00feessari b\u00f3k sinni b\u00e6\u00f0i \u00feekkingu og reynslu af gl\u00edmu f\u00f3lks vi\u00f0 \u00fej\u00e1ninguna, sorgir og tilgang l\u00edfsins. Hann b\u00fd\u00f0ur lesandanum me\u00f0 s\u00e9r \u00ed fer\u00f0alag \u00fear sem hann kynnir af einl\u00e6gni eigin \u00e1skoranir og sj\u00e1lfssko\u00f0un \u00ed \u00f6ldugangi l\u00edfsins. H\u00f6fundur segir af n\u00e6rg\u00e6tni s\u00f6gur af a\u00f0st\u00e6\u00f0um f\u00f3lks og atbur\u00f0um sem m\u00f6rgum vir\u00f0ast kunnuglegar. Fr\u00e1sagnirnar byggjast b\u00e6\u00f0i \u00e1 fr\u00e6\u00f0ilegri menntun h\u00f6fundar og tuttugu \u00e1ra reynslu hans af s\u00e1lg\u00e6slu, en hann hefur starfa\u00f0 sem sj\u00fakrah\u00fasprestur, forst\u00f6\u00f0uma\u00f0ur vi\u00f0 S\u00e1lg\u00e6slu- og fj\u00f6lskyldu\u00fej\u00f3nustu kirkjunnar, unni\u00f0 \u00ed mannau\u00f0sm\u00e1lum kirkjunnar og sem kennari \u00ed s\u00e1lg\u00e6slufr\u00e6\u00f0um.<\/p>\n<p>\u00cd b\u00f3kinni er varpa\u00f0 fram spurningum eins og hver er \u00e9g, hver ert \u00fe\u00fa og hver er gu\u00f0, e\u00f0a \u00e6\u00f0ri m\u00e1ttur. \u00cd fr\u00e1s\u00f6gnum er vitna\u00f0 til s\u00e1lg\u00e6slufr\u00e6\u00f0a og sagt reynslus\u00f6gur. B\u00f3kin getur \u00fev\u00ed h\u00f6f\u00f0a\u00f0 til allra sem hafa \u00e1huga \u00e1 mannlegri tilveru, hvort sem um er a\u00f0 r\u00e6\u00f0a fagf\u00f3lk e\u00f0a manneskjur sem gle\u00f0jast og \u00fej\u00e1st.<\/p>\n","protected":false},"excerpt":{"rendered":"<p>Vigf\u00fas Bjarni Albertsson deilir \u00ed \u00feessari b\u00f3k sinni b\u00e6\u00f0i \u00feekkingu og reynslu af gl\u00edmu f\u00f3lks vi\u00f0 \u00fej\u00e1ninguna, sorgir og tilgang l\u00edfsins. Hann b\u00fd\u00f0ur lesandanum me\u00f0 s\u00e9r \u00ed fer\u00f0alag \u00fear sem hann kynnir af einl\u00e6gni eigin \u00e1skoranir og sj\u00e1lfssko\u00f0un \u00ed \u00f6ldugangi l\u00edfsins. H\u00f6fundur segir af n\u00e6rg\u00e6tni s\u00f6gur af a\u00f0st\u00e6\u00f0um f\u00f3lks og atbur\u00f0um sem m\u00f6rgum vir\u00f0ast kunnuglegar. [&hellip;]<\/p>\n","protected":false},"featured_media":11989,"template":"","meta":{"_exactmetrics_skip_tracking":false,"_exactmetrics_sitenote_active":false,"_exactmetrics_sitenote_note":"","_exactmetrics_sitenote_category":0},"product_brand":[],"product_cat":[44],"product_tag":[],"class_list":{"0":"post-11988","1":"product","2":"type-product","3":"status-publish","4":"has-post-thumbnail","6":"product_cat-baekur","8":"first","9":"instock","10":"shipping-taxable","11":"purchasable","12":"product-type-simple"},"_links":{"self":[{"href":"https:\/\/sorgarmidstod.is\/en\/wp-json\/wp\/v2\/product\/11988","targetHints":{"allow":["GET"]}}],"collection":[{"href":"https:\/\/sorgarmidstod.is\/en\/wp-json\/wp\/v2\/product"}],"about":[{"href":"https:\/\/sorgarmidstod.is\/en\/wp-json\/wp\/v2\/types\/product"}],"wp:featuredmedia":[{"embeddable":true,"href":"https:\/\/sorgarmidstod.is\/en\/wp-json\/wp\/v2\/media\/11989"}],"wp:attachment":[{"href":"https:\/\/sorgarmidstod.is\/en\/wp-json\/wp\/v2\/media?parent=11988"}],"wp:term":[{"taxonomy":"product_brand","embeddable":true,"href":"https:\/\/sorgarmidstod.is\/en\/wp-json\/wp\/v2\/product_brand?post=11988"},{"taxonomy":"product_cat","embeddable":true,"href":"https:\/\/sorgarmidstod.is\/en\/wp-json\/wp\/v2\/product_cat?post=11988"},{"taxonomy":"product_tag","embeddable":true,"href":"https:\/\/sorgarmidstod.is\/en\/wp-json\/wp\/v2\/product_tag?post=11988"}],"curies":[{"name":"wp","href":"https:\/\/api.w.org\/{rel}","templated":true}]}}