

{"id":4059,"date":"2023-02-06T15:12:11","date_gmt":"2023-02-06T15:12:11","guid":{"rendered":"https:\/\/sorgarmidstod.is\/?post_type=product&#038;p=4059"},"modified":"2023-02-06T15:12:11","modified_gmt":"2023-02-06T15:12:11","slug":"meyjarmissir","status":"publish","type":"product","link":"https:\/\/sorgarmidstod.is\/en\/vara\/meyjarmissir\/","title":{"rendered":"Meyjarmissir"},"content":{"rendered":"<p>Engilbj\u00f6rt Au\u00f0unsd\u00f3ttir l\u00e9st 46 a\u00f0 aldri eftir fimm vikna sj\u00fakralegu vegna br\u00e1\u00f0rar hjartab\u00f3lgu. Meyjarmissir er fr\u00e1s\u00f6gn eiginmanns Engilbjartar af veikindum hennar og upplifun hans af missi, \u00e1samt huglei\u00f0ingum um l\u00edfi\u00f0 og tilveruna.<\/p>\n<p style=\"text-align: right\">H\u00f6fundur: \u00d3lafur Teitur Gu\u00f0nason<\/p>\n","protected":false},"excerpt":{"rendered":"<p>Engilbj\u00f6rt Au\u00f0unsd\u00f3ttir l\u00e9st 46 a\u00f0 aldri eftir fimm vikna sj\u00fakralegu vegna br\u00e1\u00f0rar hjartab\u00f3lgu. Meyjarmissir er fr\u00e1s\u00f6gn eiginmanns Engilbjartar af veikindum hennar og upplifun hans af missi, \u00e1samt huglei\u00f0ingum um l\u00edfi\u00f0 og tilveruna. H\u00f6fundur: \u00d3lafur Teitur Gu\u00f0nason<\/p>\n","protected":false},"featured_media":4060,"template":"","meta":{"_exactmetrics_skip_tracking":false,"_exactmetrics_sitenote_active":false,"_exactmetrics_sitenote_note":"","_exactmetrics_sitenote_category":0},"product_brand":[],"product_cat":[44],"product_tag":[],"class_list":{"0":"post-4059","1":"product","2":"type-product","3":"status-publish","4":"has-post-thumbnail","6":"product_cat-baekur","8":"first","9":"instock","10":"shipping-taxable","11":"purchasable","12":"product-type-simple"},"_links":{"self":[{"href":"https:\/\/sorgarmidstod.is\/en\/wp-json\/wp\/v2\/product\/4059","targetHints":{"allow":["GET"]}}],"collection":[{"href":"https:\/\/sorgarmidstod.is\/en\/wp-json\/wp\/v2\/product"}],"about":[{"href":"https:\/\/sorgarmidstod.is\/en\/wp-json\/wp\/v2\/types\/product"}],"wp:featuredmedia":[{"embeddable":true,"href":"https:\/\/sorgarmidstod.is\/en\/wp-json\/wp\/v2\/media\/4060"}],"wp:attachment":[{"href":"https:\/\/sorgarmidstod.is\/en\/wp-json\/wp\/v2\/media?parent=4059"}],"wp:term":[{"taxonomy":"product_brand","embeddable":true,"href":"https:\/\/sorgarmidstod.is\/en\/wp-json\/wp\/v2\/product_brand?post=4059"},{"taxonomy":"product_cat","embeddable":true,"href":"https:\/\/sorgarmidstod.is\/en\/wp-json\/wp\/v2\/product_cat?post=4059"},{"taxonomy":"product_tag","embeddable":true,"href":"https:\/\/sorgarmidstod.is\/en\/wp-json\/wp\/v2\/product_tag?post=4059"}],"curies":[{"name":"wp","href":"https:\/\/api.w.org\/{rel}","templated":true}]}}