

{"id":7341,"date":"2023-06-01T21:35:25","date_gmt":"2023-06-01T21:35:25","guid":{"rendered":"https:\/\/sorgarmidstod.is\/?post_type=product&#038;p=7341"},"modified":"2024-12-05T11:41:30","modified_gmt":"2024-12-05T11:41:30","slug":"velkomin-i-sorgarklubbinn","status":"publish","type":"product","link":"https:\/\/sorgarmidstod.is\/en\/vara\/velkomin-i-sorgarklubbinn\/","title":{"rendered":"Velkomin \u00ed SORGARKL\u00daBBINN"},"content":{"rendered":"<div class=\"elementor-element elementor-element-b09cd2a elementor-widget elementor-widget-heading\" data-id=\"b09cd2a\" data-element_type=\"widget\" data-widget_type=\"heading.default\">\n<div class=\"elementor-widget-container\">\n<h2 class=\"elementor-heading-title elementor-size-default fusion-responsive-typography-calculated\" data-fontsize=\"24.375\" data-lineheight=\"24.375px\">Um b\u00f3kina<\/h2>\n<\/div>\n<\/div>\n<div class=\"elementor-element elementor-element-9f40bc3 elementor-widget elementor-widget-dyncontel-acf\" data-id=\"9f40bc3\" data-element_type=\"widget\" data-settings=\"{&quot;acf_field_list&quot;:&quot;description&quot;,&quot;acf_type&quot;:&quot;wysiwyg&quot;}\" data-widget_type=\"dyncontel-acf.default\">\n<div class=\"elementor-widget-container\">\n<div class=\"dynamic-content-for-elementor-acf \">\n<p>B\u00f3kin\u00a0<em>Velkomin \u00ed Sorgarkl\u00fabbinn<\/em> er full af samhyg\u00f0, skilning, visku og von. H\u00fan fjallar um allar hli\u00f0ar sorgarinnar \u00fdmist \u00ed texta e\u00f0a \u00e1 myndr\u00e6nu formi. B\u00f3kin veitir huggun og hughreystingu \u00f6llum \u00feeim sem hafa misst \u00e1stvin e\u00f0a eru n\u00e1nir einhverjum sem syrgir. H\u00fan n\u00e1lgast af hreinskilni \u00fdmsar hli\u00f0ar sorgarinnar sem margir upplifa en l\u00edti\u00f0 er r\u00e6tt um. Einnig er \u00e1r\u00e9tta\u00f0 \u00ed b\u00f3kinni a\u00f0 engin r\u00e9tt e\u00f0a r\u00f6ng lei\u00f0 er til a\u00f0 syrgja.<\/p>\n<p>\u00deessi b\u00f3k veitir okkur f\u00e9lagsskap \u00ed einmannalegustu og s\u00e1rsaukamestu l\u00edfsreynslu sem vi\u00f0 upplifum og minnir okkur \u00e1 a\u00f0 vi\u00f0 erum ekki ein.<\/p>\n<p style=\"text-align: right\">\u00a0H\u00f6fundur: Janine Kwoh<\/p>\n<p>&nbsp;<\/p>\n<\/div>\n<\/div>\n<\/div>\n","protected":false},"excerpt":{"rendered":"<p>Um b\u00f3kina B\u00f3kin\u00a0Velkomin \u00ed Sorgarkl\u00fabbinn er full af samhyg\u00f0, skilning, visku og von. H\u00fan fjallar um allar hli\u00f0ar sorgarinnar \u00fdmist \u00ed texta e\u00f0a \u00e1 myndr\u00e6nu formi. B\u00f3kin veitir huggun og hughreystingu \u00f6llum \u00feeim sem hafa misst \u00e1stvin e\u00f0a eru n\u00e1nir einhverjum sem syrgir. H\u00fan n\u00e1lgast af hreinskilni \u00fdmsar hli\u00f0ar sorgarinnar sem margir upplifa en l\u00edti\u00f0 [&hellip;]<\/p>\n","protected":false},"featured_media":7346,"template":"","meta":{"_exactmetrics_skip_tracking":false,"_exactmetrics_sitenote_active":false,"_exactmetrics_sitenote_note":"","_exactmetrics_sitenote_category":0},"product_brand":[],"product_cat":[44],"product_tag":[],"class_list":{"0":"post-7341","1":"product","2":"type-product","3":"status-publish","4":"has-post-thumbnail","6":"product_cat-baekur","8":"first","9":"instock","10":"shipping-taxable","11":"purchasable","12":"product-type-simple"},"_links":{"self":[{"href":"https:\/\/sorgarmidstod.is\/en\/wp-json\/wp\/v2\/product\/7341","targetHints":{"allow":["GET"]}}],"collection":[{"href":"https:\/\/sorgarmidstod.is\/en\/wp-json\/wp\/v2\/product"}],"about":[{"href":"https:\/\/sorgarmidstod.is\/en\/wp-json\/wp\/v2\/types\/product"}],"wp:featuredmedia":[{"embeddable":true,"href":"https:\/\/sorgarmidstod.is\/en\/wp-json\/wp\/v2\/media\/7346"}],"wp:attachment":[{"href":"https:\/\/sorgarmidstod.is\/en\/wp-json\/wp\/v2\/media?parent=7341"}],"wp:term":[{"taxonomy":"product_brand","embeddable":true,"href":"https:\/\/sorgarmidstod.is\/en\/wp-json\/wp\/v2\/product_brand?post=7341"},{"taxonomy":"product_cat","embeddable":true,"href":"https:\/\/sorgarmidstod.is\/en\/wp-json\/wp\/v2\/product_cat?post=7341"},{"taxonomy":"product_tag","embeddable":true,"href":"https:\/\/sorgarmidstod.is\/en\/wp-json\/wp\/v2\/product_tag?post=7341"}],"curies":[{"name":"wp","href":"https:\/\/api.w.org\/{rel}","templated":true}]}}