

{"id":9302,"date":"2024-12-03T20:30:25","date_gmt":"2024-12-03T20:30:25","guid":{"rendered":"https:\/\/sorgarmidstod.is\/?post_type=product&#038;p=9302"},"modified":"2024-12-05T12:43:13","modified_gmt":"2024-12-05T12:43:13","slug":"hvitur-kertastjaki","status":"publish","type":"product","link":"https:\/\/sorgarmidstod.is\/en\/vara\/hvitur-kertastjaki\/","title":{"rendered":"Hv\u00edtur kertastjaki"},"content":{"rendered":"<p>Hv\u00edtur kertastjaki til a\u00f0 hafa innanh\u00fass.<\/p>\n<p>&nbsp;<\/p>\n<p>Vinsamlegast athugi\u00f0 a\u00f0 kerti fylgir ekki me\u00f0 en l\u00edtil glersk\u00e1l fyrir sprittkerti fylgir.<\/p>\n<p>&nbsp;<\/p>\n<p>H\u00f6nnu\u00f0ur: Mar\u00eda Krista Hrei\u00f0arsd\u00f3ttir<\/p>\n","protected":false},"excerpt":{"rendered":"<p>Hv\u00edtur kertastjaki til a\u00f0 hafa innanh\u00fass. &nbsp; Vinsamlegast athugi\u00f0 a\u00f0 kerti fylgir ekki me\u00f0 en l\u00edtil glersk\u00e1l fyrir sprittkerti fylgir. &nbsp; H\u00f6nnu\u00f0ur: Mar\u00eda Krista Hrei\u00f0arsd\u00f3ttir<\/p>\n","protected":false},"featured_media":9303,"template":"","meta":{"_exactmetrics_skip_tracking":false,"_exactmetrics_sitenote_active":false,"_exactmetrics_sitenote_note":"","_exactmetrics_sitenote_category":0},"product_brand":[],"product_cat":[43],"product_tag":[],"class_list":{"0":"post-9302","1":"product","2":"type-product","3":"status-publish","4":"has-post-thumbnail","6":"product_cat-kerti","8":"first","9":"instock","10":"shipping-taxable","11":"purchasable","12":"product-type-simple"},"_links":{"self":[{"href":"https:\/\/sorgarmidstod.is\/en\/wp-json\/wp\/v2\/product\/9302","targetHints":{"allow":["GET"]}}],"collection":[{"href":"https:\/\/sorgarmidstod.is\/en\/wp-json\/wp\/v2\/product"}],"about":[{"href":"https:\/\/sorgarmidstod.is\/en\/wp-json\/wp\/v2\/types\/product"}],"wp:featuredmedia":[{"embeddable":true,"href":"https:\/\/sorgarmidstod.is\/en\/wp-json\/wp\/v2\/media\/9303"}],"wp:attachment":[{"href":"https:\/\/sorgarmidstod.is\/en\/wp-json\/wp\/v2\/media?parent=9302"}],"wp:term":[{"taxonomy":"product_brand","embeddable":true,"href":"https:\/\/sorgarmidstod.is\/en\/wp-json\/wp\/v2\/product_brand?post=9302"},{"taxonomy":"product_cat","embeddable":true,"href":"https:\/\/sorgarmidstod.is\/en\/wp-json\/wp\/v2\/product_cat?post=9302"},{"taxonomy":"product_tag","embeddable":true,"href":"https:\/\/sorgarmidstod.is\/en\/wp-json\/wp\/v2\/product_tag?post=9302"}],"curies":[{"name":"wp","href":"https:\/\/api.w.org\/{rel}","templated":true}]}}