

{"id":4846,"date":"2019-08-30T10:08:23","date_gmt":"2019-08-30T10:08:23","guid":{"rendered":"https:\/\/sorgarmidstod.is\/swiadczenia-emerytalne-po-smierci-wspolmalzonka\/"},"modified":"2022-04-09T11:47:18","modified_gmt":"2022-04-09T11:47:18","slug":"swiadczenia-emerytalne-po-smierci-wspolmalzonka","status":"publish","type":"page","link":"https:\/\/sorgarmidstod.is\/pl\/wazna-informacja\/swiadczenia-emerytalne-po-smierci-wspolmalzonka\/","title":{"rendered":"\u015awiadczenia emerytalne po \u015bmierci wsp\u00f3\u0142ma\u0142\u017conka"},"content":{"rendered":"\t\t<div data-elementor-type=\"wp-post\" data-elementor-id=\"4846\" class=\"elementor elementor-4846\" data-elementor-post-type=\"page\">\n\t\t\t\t\t\t<section data-dce-background-image-url=\"https:\/\/sorgarmidstod.is\/wp-content\/uploads\/2019\/09\/header_cloves.jpg\" class=\"elementor-section elementor-top-section elementor-element elementor-element-38b786e1 elementor-section-height-min-height elementor-section-items-bottom elementor-section-content-top elementor-section-boxed elementor-section-height-default\" data-id=\"38b786e1\" data-element_type=\"section\" data-e-type=\"section\" data-settings=\"{&quot;background_background&quot;:&quot;classic&quot;}\">\n\t\t\t\t\t\t<div class=\"elementor-container elementor-column-gap-default\">\n\t\t\t\t\t<div class=\"elementor-column elementor-col-100 elementor-top-column elementor-element elementor-element-2ee2f7cc\" data-id=\"2ee2f7cc\" data-element_type=\"column\" data-e-type=\"column\">\n\t\t\t<div class=\"elementor-widget-wrap elementor-element-populated\">\n\t\t\t\t\t\t<div data-dce-advanced-background-color=\"#ffffff\" class=\"elementor-element elementor-element-647ef1a1 elementor-widget__width-auto elementor-widget-mobile__width-inherit elementor-widget elementor-widget-heading\" data-id=\"647ef1a1\" data-element_type=\"widget\" data-e-type=\"widget\" data-widget_type=\"heading.default\">\n\t\t\t\t<div class=\"elementor-widget-container\">\n\t\t\t\t\t<h1 class=\"elementor-heading-title elementor-size-default\">\u015awiadczenia emerytalne po \u015bmierci wsp\u00f3\u0142ma\u0142\u017conka<\/h1>\t\t\t\t<\/div>\n\t\t\t\t<\/div>\n\t\t\t\t\t<\/div>\n\t\t<\/div>\n\t\t\t\t\t<\/div>\n\t\t<\/section>\n\t\t\t\t<section class=\"elementor-section elementor-top-section elementor-element elementor-element-2e9f374 elementor-section-boxed elementor-section-height-default elementor-section-height-default\" data-id=\"2e9f374\" data-element_type=\"section\" data-e-type=\"section\">\n\t\t\t\t\t\t<div class=\"elementor-container elementor-column-gap-default\">\n\t\t\t\t\t<div class=\"elementor-column elementor-col-100 elementor-top-column elementor-element elementor-element-12bf823\" data-id=\"12bf823\" data-element_type=\"column\" data-e-type=\"column\">\n\t\t\t<div class=\"elementor-widget-wrap elementor-element-populated\">\n\t\t\t\t\t\t<div class=\"elementor-element elementor-element-ca466be elementor-widget elementor-widget-text-editor\" data-id=\"ca466be\" data-element_type=\"widget\" data-e-type=\"widget\" data-widget_type=\"text-editor.default\">\n\t\t\t\t<div class=\"elementor-widget-container\">\n\t\t\t\t\t\t\t\t\t<p>Pozosta\u0142emu przy \u017cyciu wsp\u00f3\u0142ma\u0142\u017conkowi przys\u0142uguje comiesi\u0119czna wyp\u0142ata emerytury zmar\u0142ego z funduszu emerytalnego, do kt\u00f3rego wp\u0142ywa\u0142y sk\u0142adki osoby zmar\u0142ej, a tak\u017ce renty rodzinnej na dzieci. Ka\u017cdy fundusz kieruje si\u0119 swoimi wewn\u0119trzymi zasadami w zwi\u0105zku z tym poni\u017csze informacje s\u0105 og\u00f3lnikowe. Szczeg\u00f3\u0142owe informacje mo\u017cna znale\u017a\u0107 na stronach internetowych poszczeg\u00f3lnych funduszy emerytalnych i w biurach. O rent\u0119 ma\u0142\u017ce\u0144sk\u0105 rodzinn\u0105 nale\u017cy wnioskowa\u0107 pisemnie, cho\u0107 obecnie w wielu funduszach mo\u017cna ju\u017c z\u0142o\u017cy\u0107 wniosek drog\u0105 elektroniczn\u0105. Fundusze wy\u015bl\u0105 Ci pisemn\u0105 odpowied\u017a z dok\u0142adnym okre\u015bleniem kwoty i okresu trwania \u015bwiadczenia.<\/p><p>Wiele os\u00f3b w ci\u0105gu swojego \u017cycia zawodowego wp\u0142aca\u0142o sk\u0142adki do wi\u0119cej ni\u017c jednego funduszu, ale zazwyczaj wystarczy skontaktowa\u0107 si\u0119 z funduszem, do kt\u00f3rego wp\u0142ywa\u0142y ostatnie sk\u0142adki, w\u00f3wczas ostatni fundusz zapewni, aby wp\u0142ywa\u0142y tak\u017ce \u015bwiadczenia z innych, wcze\u015bniej wybieranych funduszy emerytalnych. Je\u015bli nie jest wiadome, do kt\u00f3rego funduszu emerytalnego wp\u0142ywa\u0142y sk\u0142adki z ostatniego okresu zatrudnienia osoby zmar\u0142ej, nale\u017cy zwr\u00f3ci\u0107 si\u0119 z tym zapytaniem do pracodawcy, kt\u00f3ry zatrudnia\u0142 w tym czasie zmar\u0142ego wsp\u00f3\u0142ma\u0142\u017conka.<\/p><h3>Emerytura dla pozosta\u0142ego przy \u017cyciu wsp\u00f3\u0142ma\u0142\u017conka<\/h3><p>Wysoko\u015b\u0107 emerytury dla wsp\u00f3\u0142ma\u0142\u017conka wynosi najcz\u0119\u015bciej od 50% do 60% uprawnie\u0144 emerytalnych lub rentowych zmar\u0142ego cz\u0142onka funduszu, czyli po\u0142ow\u0119 kwoty, kt\u00f3r\u0105 zmar\u0142y otrzymywa\u0142by lub otrzymywa\u0142 w ramach wypracowanej przez siebie emerytury lub renty.<br>Wysoko\u015b\u0107 \u015bwiadczenia jest zale\u017cna od d\u0142ugo\u015bci okresu odprowadzania sk\u0142adek i ich wysoko\u015bci. Pozosta\u0142y przy \u017cyciu ma\u0142\u017conek mo\u017ce by\u0107 r\u00f3wnie\u017c uprawniony do tzw. wynagrodzenia prognozowanego. Naliczane s\u0105 w\u00f3wczas uprawnienia, jakie zmar\u0142y cz\u0142onek funduszu uzyska\u0142by, gdyby op\u0142aca\u0142 sk\u0142adki do 65 roku \u017cycia.<\/p><h3>\u015awiadczenia emerytalne na dzieci<\/h3><p>Pozosta\u0142y przy \u017cyciu wsp\u00f3\u0142ma\u0142\u017conek ma prawo do \u015bwiadcze\u0144 rodzinnych na dzieci, kt\u00f3re pozostawa\u0142yby na utrzymaniu zmar\u0142ego cz\u0142onka funduszu do uko\u0144czenia przez nie 18 roku \u017cycia. W niekt\u00f3rych przypadkach s\u0105 one wyp\u0142acane bezpo\u015brednio pozostaj\u0105cemu przy \u017cyciu wsp\u00f3\u0142ma\u0142\u017conkowi, niekiedy jednak wp\u0142ywaj\u0105 na konto bankowe dziecka. W wi\u0119kszo\u015bci przypadk\u00f3w dzieci nie s\u0105 odbiorcami p\u0142atno\u015bci przed osi\u0105gni\u0119ciem pe\u0142noletno\u015bci. Wiek dzieci, w kt\u00f3rym wygasa prawo do \u015bwiadcze\u0144 rodzinnych na dzieci, r\u00f3\u017cni si\u0119 w zale\u017cno\u015bci od funduszu (miedzy 18 a 23 rokiem \u017cycia).<br>Wysoko\u015b\u0107 \u015bwiadcze\u0144 na dzieci wyp\u0142acanych z funduszu emerytalnego zmar\u0142ego rodzica jest bardzo zr\u00f3\u017cnicowana w zale\u017cno\u015bci od konkretnego funduszu. Istniej\u0105 r\u00f3\u017cnice w zasadach okre\u015blania, kiedy powstaje prawo do pe\u0142nego \u015bwiadczenia na dzieci.<\/p><h3>Okres przys\u0142ugiwania wyp\u0142aty \u015bwiadcze\u0144 emerytalnych zmar\u0142ego wsp\u00f3\u0142ma\u0142\u017conka<\/h3><p>Je\u015bli pozosta\u0142y przy \u017cyciu wsp\u00f3\u0142ma\u0142\u017conek nie ma na utrzymaniu dzieci, pe\u0142ne \u015bwiadczenia emerytalne zmar\u0142ego wsp\u00f3\u0142ma\u0142\u017conka jest zazwyczaj wyp\u0142acane przez co najmniej 36 miesi\u0119cy (trzy lata), po czym po\u0142owa tej kwoty jest wyp\u0142acana przez dodatkowe 24 miesi\u0105ce (dwa lata). W przypadku, gdy pozosta\u0142y przy \u017cyciu wsp\u00f3\u0142ma\u0142\u017conek korzysta z renty inwalidzkiej w 50% lub wi\u0119cej procentach, cz\u0119sto wp\u0142acanie omawianych \u015bwiadcze\u0144 zostaje przed\u0142u\u017cone na okres trwania niepe\u0142nosprawno\u015bci lub do uko\u0144czenia 65 lub 67 roku \u017cycia.<\/p><p>Pe\u0142ne \u015bwiadczenia emerytalne zmar\u0142ego wsp\u00f3\u0142ma\u0142\u017conka s\u0105 wyp\u0142acane do czasu, gdy najm\u0142odsze dziecko pozostaj\u0105ce na utrzymaniu pozosta\u0142ego przy \u017cyciu ma\u0142\u017conka osi\u0105gnie wiek 18 lub 23 lat, w zale\u017cno\u015bci od zasad konkretnego funduszu emerytalnego. W przypadku gdy pozosta\u0142y przy \u017cyciu ma\u0142\u017conek wejdzie ponownie w zwi\u0105zek ma\u0142\u017ce\u0144ski lub partnerski wygasa prawo do wyp\u0142aty \u015bwiadcze\u0144 emerytalnych zmar\u0142ego wsp\u00f3\u0142ma\u0142\u017conka.<\/p><p>W przypadku ustania drugiego ma\u0142\u017ce\u0144stwa lub konkubinatu prawo do wcze\u015bniej pobieranych \u015bwiadcze\u0144 emerytalnych nabiera ponownie mocy, je\u015bli ustanie drugiego ma\u0142\u017ce\u0144stwa lub konkubinatu nie uprawnia do wyp\u0142aty tych samych \u015bwiadcze\u0144.<\/p><p><strong>Wnioskowanie o przyznanie wy\u017cej wymienjonych \u015bwiadcze\u0144 z tytu\u0142u utraty bliskiej osoby wymaga du\u017co energii i zaanga\u017cowania, dlatego bardzo wa\u017cne jest, by przyj\u0105\u0107 pomoc i wsparcie od os\u00f3b bliskich lub profesjonalist\u00f3w.<\/strong><\/p>\t\t\t\t\t\t\t\t<\/div>\n\t\t\t\t<\/div>\n\t\t\t\t\t<\/div>\n\t\t<\/div>\n\t\t\t\t\t<\/div>\n\t\t<\/section>\n\t\t\t\t<\/div>\n\t\t","protected":false},"excerpt":{"rendered":"<p>\u015awiadczenia emerytalne po \u015bmierci wsp\u00f3\u0142ma\u0142\u017conka Pozosta\u0142emu przy \u017cyciu wsp\u00f3\u0142ma\u0142\u017conkowi przys\u0142uguje comiesi\u0119czna wyp\u0142ata emerytury zmar\u0142ego z funduszu emerytalnego, do kt\u00f3rego wp\u0142ywa\u0142y sk\u0142adki osoby zmar\u0142ej, a tak\u017ce renty rodzinnej na dzieci. Ka\u017cdy fundusz kieruje si\u0119 swoimi wewn\u0119trzymi zasadami w zwi\u0105zku z tym poni\u017csze informacje s\u0105 og\u00f3lnikowe. Szczeg\u00f3\u0142owe informacje mo\u017cna znale\u017a\u0107 na stronach internetowych poszczeg\u00f3lnych funduszy emerytalnych i [&hellip;]<\/p>\n","protected":false},"author":1,"featured_media":0,"parent":4972,"menu_order":4,"comment_status":"closed","ping_status":"closed","template":"elementor_header_footer","meta":{"_exactmetrics_skip_tracking":false,"_exactmetrics_sitenote_active":false,"_exactmetrics_sitenote_note":"","_exactmetrics_sitenote_category":0,"footnotes":""},"class_list":["post-4846","page","type-page","status-publish","hentry"],"_links":{"self":[{"href":"https:\/\/sorgarmidstod.is\/pl\/wp-json\/wp\/v2\/pages\/4846","targetHints":{"allow":["GET"]}}],"collection":[{"href":"https:\/\/sorgarmidstod.is\/pl\/wp-json\/wp\/v2\/pages"}],"about":[{"href":"https:\/\/sorgarmidstod.is\/pl\/wp-json\/wp\/v2\/types\/page"}],"author":[{"embeddable":true,"href":"https:\/\/sorgarmidstod.is\/pl\/wp-json\/wp\/v2\/users\/1"}],"replies":[{"embeddable":true,"href":"https:\/\/sorgarmidstod.is\/pl\/wp-json\/wp\/v2\/comments?post=4846"}],"version-history":[{"count":1,"href":"https:\/\/sorgarmidstod.is\/pl\/wp-json\/wp\/v2\/pages\/4846\/revisions"}],"predecessor-version":[{"id":4847,"href":"https:\/\/sorgarmidstod.is\/pl\/wp-json\/wp\/v2\/pages\/4846\/revisions\/4847"}],"up":[{"embeddable":true,"href":"https:\/\/sorgarmidstod.is\/pl\/wp-json\/wp\/v2\/pages\/4972"}],"wp:attachment":[{"href":"https:\/\/sorgarmidstod.is\/pl\/wp-json\/wp\/v2\/media?parent=4846"}],"curies":[{"name":"wp","href":"https:\/\/api.w.org\/{rel}","templated":true}]}}