

{"id":5336,"date":"2022-03-19T22:54:39","date_gmt":"2022-03-19T22:54:39","guid":{"rendered":"https:\/\/sorgarmidstod.is\/materialy-do-czytania\/"},"modified":"2022-06-24T15:46:30","modified_gmt":"2022-06-24T15:46:30","slug":"materialy-do-czytania","status":"publish","type":"page","link":"https:\/\/sorgarmidstod.is\/pl\/opublikowany-material\/materialy-do-czytania\/","title":{"rendered":"Materia\u0142y do \u200b\u200bczytania"},"content":{"rendered":"\n<p>Ksi\u0105\u017cki dla dzieci poruszaj\u0105ce temat \u015bmierci i przemijania w j\u0119zyku polskim:<\/p>\n\n<ul class=\"wp-block-list\">\n<li>Tomek i niesko\u0144czono\u015b\u0107, Deon Michel, wyd. Oficyna Wydawnicza G&amp;P, 2010<\/li>\n<li>Rok magicznego my\u015blenia, Didion Joan, wyd. Grupa Wydawnicza Relacja, 2007<\/li>\n<li>D\u0142uga w\u0119dr\u00f3wka, Dziubak Emilia, Widmark Martin, wyd. Mamania, 2018<\/li>\n<li>G\u0119\u015b, \u015bmier\u0107 i tulipan, Erlbruch Wolf, wyd. Hokus-Pokus, 2008<\/li>\n<li>Oskar i pani R\u00f3\u017ca, Schmitt Eric-Emmanuel, wyd. Znak Literanova, 2004<\/li>\n<li>Tam gdzie spadaj\u0105 Anio\u0142y, Terakowska Dorota, Wydawnictwo Literackie, 2002<\/li>\n<\/ul>\n\n<p>\u00a0<\/p>\n<p>Ksi\u0105\u017cki dla rodzic\u00f3w\/opiekun\u00f3w w j\u0119zyku polskim:<\/p>\n\n<ul class=\"wp-block-list\">\n<li>\u017ba\u0142oba w rodzinie, Herbert Martin, Gda\u0144skie Wydawnictwo Psychologiczne. Gda\u0144sk, 2005<\/li>\n<li>\u015amier\u0107 oczami dziecka. Jak pomaga\u0107 w \u017ca\u0142obie?, Kergorlay-Soubrier de Marie-Madeleine, wyd. Salwator, Krak\u00f3w 2011<\/li>\n<li>Interwencja kryzysowa, Kubacka-Jasiecka Dorota, Wydawnictwa Akademickie i Profesjonalne, Warszawa 2010<\/li>\n<li>Dzieci poznaj\u0105 tajemnic\u0119 \u015bmierci, Leist Marielene, Drukarnia Ksi\u0119garnia \u015awi\u0119tego Wojciecha Sp. z o.o., Pozna\u0144 2009<\/li>\n<\/ul>\n","protected":false},"excerpt":{"rendered":"<p>Ksi\u0105\u017cki dla dzieci poruszaj\u0105ce temat \u015bmierci i przemijania w j\u0119zyku polskim: Tomek i niesko\u0144czono\u015b\u0107, Deon Michel, wyd. Oficyna Wydawnicza G&amp;P, 2010 Rok magicznego my\u015blenia, Didion Joan, wyd. Grupa Wydawnicza Relacja, 2007 D\u0142uga w\u0119dr\u00f3wka, Dziubak Emilia, Widmark Martin, wyd. Mamania, 2018 G\u0119\u015b, \u015bmier\u0107 i tulipan, Erlbruch Wolf, wyd. Hokus-Pokus, 2008 Oskar i pani R\u00f3\u017ca, Schmitt Eric-Emmanuel, [&hellip;]<\/p>\n","protected":false},"author":4,"featured_media":0,"parent":5330,"menu_order":0,"comment_status":"closed","ping_status":"closed","template":"","meta":{"_exactmetrics_skip_tracking":false,"_exactmetrics_sitenote_active":false,"_exactmetrics_sitenote_note":"","_exactmetrics_sitenote_category":0,"footnotes":""},"class_list":["post-5336","page","type-page","status-publish","hentry"],"_links":{"self":[{"href":"https:\/\/sorgarmidstod.is\/pl\/wp-json\/wp\/v2\/pages\/5336","targetHints":{"allow":["GET"]}}],"collection":[{"href":"https:\/\/sorgarmidstod.is\/pl\/wp-json\/wp\/v2\/pages"}],"about":[{"href":"https:\/\/sorgarmidstod.is\/pl\/wp-json\/wp\/v2\/types\/page"}],"author":[{"embeddable":true,"href":"https:\/\/sorgarmidstod.is\/pl\/wp-json\/wp\/v2\/users\/4"}],"replies":[{"embeddable":true,"href":"https:\/\/sorgarmidstod.is\/pl\/wp-json\/wp\/v2\/comments?post=5336"}],"version-history":[{"count":4,"href":"https:\/\/sorgarmidstod.is\/pl\/wp-json\/wp\/v2\/pages\/5336\/revisions"}],"predecessor-version":[{"id":5343,"href":"https:\/\/sorgarmidstod.is\/pl\/wp-json\/wp\/v2\/pages\/5336\/revisions\/5343"}],"up":[{"embeddable":true,"href":"https:\/\/sorgarmidstod.is\/pl\/wp-json\/wp\/v2\/pages\/5330"}],"wp:attachment":[{"href":"https:\/\/sorgarmidstod.is\/pl\/wp-json\/wp\/v2\/media?parent=5336"}],"curies":[{"name":"wp","href":"https:\/\/api.w.org\/{rel}","templated":true}]}}