

{"id":10308,"date":"2025-08-14T14:59:51","date_gmt":"2025-08-14T14:59:51","guid":{"rendered":"https:\/\/sorgarmidstod.is\/?post_type=product&#038;p=10308"},"modified":"2025-08-14T14:59:51","modified_gmt":"2025-08-14T14:59:51","slug":"hlaupabolur-barna","status":"publish","type":"product","link":"https:\/\/sorgarmidstod.is\/pl\/vara\/hlaupabolur-barna\/","title":{"rendered":"Hlaupabolur barna"},"content":{"rendered":"<p>Hlaupabolur Sorgarmi\u00f0st\u00f6\u00f0var.<br \/>\nFramleitt \u00far Neoteric efni sem hrindir fr\u00e1 s\u00e9r svita.<br \/>\nMe\u00f0 merki Sorgarmi\u00f0st\u00f6\u00f0var a\u00f0 framan og a\u00f0 aftan.<\/p>\n<p>H\u00e6gt a\u00f0 \u00fevo \u00e1 40\u00b0<\/p>\n<p>&nbsp;<\/p>\n<p>St\u00e6r\u00f0ir: 8 \u00e1ra og 10 \u00e1ra<\/p>\n","protected":false},"excerpt":{"rendered":"<p>Hlaupabolur Sorgarmi\u00f0st\u00f6\u00f0var. Framleitt \u00far Neoteric efni sem hrindir fr\u00e1 s\u00e9r svita. Me\u00f0 merki Sorgarmi\u00f0st\u00f6\u00f0var a\u00f0 framan og a\u00f0 aftan. H\u00e6gt a\u00f0 \u00fevo \u00e1 40\u00b0 &nbsp; St\u00e6r\u00f0ir: 8 \u00e1ra og 10 \u00e1ra<\/p>\n","protected":false},"featured_media":10289,"template":"","meta":{"_exactmetrics_skip_tracking":false,"_exactmetrics_sitenote_active":false,"_exactmetrics_sitenote_note":"","_exactmetrics_sitenote_category":0},"product_brand":[],"product_cat":[66],"product_tag":[],"class_list":{"0":"post-10308","1":"product","2":"type-product","3":"status-publish","4":"has-post-thumbnail","6":"product_cat-annad","8":"first","9":"instock","10":"shipping-taxable","11":"purchasable","12":"product-type-variable"},"_links":{"self":[{"href":"https:\/\/sorgarmidstod.is\/pl\/wp-json\/wp\/v2\/product\/10308","targetHints":{"allow":["GET"]}}],"collection":[{"href":"https:\/\/sorgarmidstod.is\/pl\/wp-json\/wp\/v2\/product"}],"about":[{"href":"https:\/\/sorgarmidstod.is\/pl\/wp-json\/wp\/v2\/types\/product"}],"wp:featuredmedia":[{"embeddable":true,"href":"https:\/\/sorgarmidstod.is\/pl\/wp-json\/wp\/v2\/media\/10289"}],"wp:attachment":[{"href":"https:\/\/sorgarmidstod.is\/pl\/wp-json\/wp\/v2\/media?parent=10308"}],"wp:term":[{"taxonomy":"product_brand","embeddable":true,"href":"https:\/\/sorgarmidstod.is\/pl\/wp-json\/wp\/v2\/product_brand?post=10308"},{"taxonomy":"product_cat","embeddable":true,"href":"https:\/\/sorgarmidstod.is\/pl\/wp-json\/wp\/v2\/product_cat?post=10308"},{"taxonomy":"product_tag","embeddable":true,"href":"https:\/\/sorgarmidstod.is\/pl\/wp-json\/wp\/v2\/product_tag?post=10308"}],"curies":[{"name":"wp","href":"https:\/\/api.w.org\/{rel}","templated":true}]}}