

{"id":12130,"date":"2026-02-25T10:31:20","date_gmt":"2026-02-25T10:31:20","guid":{"rendered":"https:\/\/sorgarmidstod.is\/?post_type=product&#038;p=12130"},"modified":"2026-04-17T18:02:20","modified_gmt":"2026-04-17T18:02:20","slug":"systir-min-sem-enginn-ser","status":"publish","type":"product","link":"https:\/\/sorgarmidstod.is\/pl\/vara\/systir-min-sem-enginn-ser\/","title":{"rendered":"Systir m\u00edn sem enginn s\u00e9r"},"content":{"rendered":"<p><em>Systir m\u00edn sem enginn s\u00e9r<\/em> er falleg saga af fj\u00f6lskyldu sem tekst \u00e1 vi\u00f0 \u00e1falli\u00f0 sem fylgir \u00fev\u00ed a\u00f0 missa barn \u00e1 me\u00f0g\u00f6ngu. H\u00fan fjallar um sorgarferli\u00f0, samkenndina og \u00fe\u00e6r lei\u00f0ir sem fj\u00f6lskyldan finnur til a\u00f0 halda minningu litla barnsins \u00e1 lofti \u2014 barnsins sem \u00feau \u00feurftu a\u00f0 kve\u00f0ja allt of snemma.<\/p>\n<p>Gleym m\u00e9r ei gefur \u00fat.<\/p>\n","protected":false},"excerpt":{"rendered":"<p>Systir m\u00edn sem enginn s\u00e9r er falleg saga af fj\u00f6lskyldu sem tekst \u00e1 vi\u00f0 \u00e1falli\u00f0 sem fylgir \u00fev\u00ed a\u00f0 missa barn \u00e1 me\u00f0g\u00f6ngu. H\u00fan fjallar um sorgarferli\u00f0, samkenndina og \u00fe\u00e6r lei\u00f0ir sem fj\u00f6lskyldan finnur til a\u00f0 halda minningu litla barnsins \u00e1 lofti \u2014 barnsins sem \u00feau \u00feurftu a\u00f0 kve\u00f0ja allt of snemma. Gleym m\u00e9r ei [&hellip;]<\/p>\n","protected":false},"featured_media":12131,"template":"","meta":{"_exactmetrics_skip_tracking":false,"_exactmetrics_sitenote_active":false,"_exactmetrics_sitenote_note":"","_exactmetrics_sitenote_category":0},"product_brand":[],"product_cat":[44],"product_tag":[],"class_list":{"0":"post-12130","1":"product","2":"type-product","3":"status-publish","4":"has-post-thumbnail","6":"product_cat-baekur","8":"first","9":"instock","10":"shipping-taxable","11":"purchasable","12":"product-type-simple"},"_links":{"self":[{"href":"https:\/\/sorgarmidstod.is\/pl\/wp-json\/wp\/v2\/product\/12130","targetHints":{"allow":["GET"]}}],"collection":[{"href":"https:\/\/sorgarmidstod.is\/pl\/wp-json\/wp\/v2\/product"}],"about":[{"href":"https:\/\/sorgarmidstod.is\/pl\/wp-json\/wp\/v2\/types\/product"}],"wp:featuredmedia":[{"embeddable":true,"href":"https:\/\/sorgarmidstod.is\/pl\/wp-json\/wp\/v2\/media\/12131"}],"wp:attachment":[{"href":"https:\/\/sorgarmidstod.is\/pl\/wp-json\/wp\/v2\/media?parent=12130"}],"wp:term":[{"taxonomy":"product_brand","embeddable":true,"href":"https:\/\/sorgarmidstod.is\/pl\/wp-json\/wp\/v2\/product_brand?post=12130"},{"taxonomy":"product_cat","embeddable":true,"href":"https:\/\/sorgarmidstod.is\/pl\/wp-json\/wp\/v2\/product_cat?post=12130"},{"taxonomy":"product_tag","embeddable":true,"href":"https:\/\/sorgarmidstod.is\/pl\/wp-json\/wp\/v2\/product_tag?post=12130"}],"curies":[{"name":"wp","href":"https:\/\/api.w.org\/{rel}","templated":true}]}}