

{"id":4057,"date":"2023-02-07T10:26:49","date_gmt":"2023-02-07T10:26:49","guid":{"rendered":"https:\/\/sorgarmidstod.is\/?post_type=product&#038;p=4057"},"modified":"2023-02-07T10:26:49","modified_gmt":"2023-02-07T10:26:49","slug":"fosturmissir-ein-af-hverjum-thremur","status":"publish","type":"product","link":"https:\/\/sorgarmidstod.is\/pl\/vara\/fosturmissir-ein-af-hverjum-thremur\/","title":{"rendered":"F\u00f3sturmissir \u2013 Ein af hverjum \u00feremur"},"content":{"rendered":"<p>F\u00f3sturmissir er oft sorgleg reynsla og finna m\u00f6rg sem \u00ed gegnum hana ganga \u00fe\u00f6rf fyrir a\u00f0 afla s\u00e9r uppl\u00fdsinga um allt sem missinum tengist. Hverjar eru l\u00edkurnar \u00e1 f\u00f3sturmissi, hverjar eru helstu orsakir og hva\u00f0 tekur svo vi\u00f0?<\/p>\n<p>B\u00f3kin inniheldur fj\u00f6lmargar reynslus\u00f6gur auk \u00feess sem h\u00f6fundar fjalla um allt sem varpa\u00f0 getur lj\u00f3si \u00e1 \u00feessa erfi\u00f0u upplifun.<\/p>\n<p style=\"text-align: right\">H\u00f6fundar: J\u00fal\u00ed \u00d3sk Antonsd\u00f3ttir, Sigfr\u00ed\u00f0ur Inga Karlsd\u00f3ttir, Sigr\u00ed\u00f0ur Halld\u00f3rsd\u00f3ttir<\/p>\n","protected":false},"excerpt":{"rendered":"<p>F\u00f3sturmissir er oft sorgleg reynsla og finna m\u00f6rg sem \u00ed gegnum hana ganga \u00fe\u00f6rf fyrir a\u00f0 afla s\u00e9r uppl\u00fdsinga um allt sem missinum tengist. Hverjar eru l\u00edkurnar \u00e1 f\u00f3sturmissi, hverjar eru helstu orsakir og hva\u00f0 tekur svo vi\u00f0? B\u00f3kin inniheldur fj\u00f6lmargar reynslus\u00f6gur auk \u00feess sem h\u00f6fundar fjalla um allt sem varpa\u00f0 getur lj\u00f3si \u00e1 \u00feessa [&hellip;]<\/p>\n","protected":false},"featured_media":4058,"template":"","meta":{"_exactmetrics_skip_tracking":false,"_exactmetrics_sitenote_active":false,"_exactmetrics_sitenote_note":"","_exactmetrics_sitenote_category":0},"product_brand":[],"product_cat":[44],"product_tag":[],"class_list":{"0":"post-4057","1":"product","2":"type-product","3":"status-publish","4":"has-post-thumbnail","6":"product_cat-baekur","8":"first","9":"instock","10":"shipping-taxable","11":"purchasable","12":"product-type-simple"},"_links":{"self":[{"href":"https:\/\/sorgarmidstod.is\/pl\/wp-json\/wp\/v2\/product\/4057","targetHints":{"allow":["GET"]}}],"collection":[{"href":"https:\/\/sorgarmidstod.is\/pl\/wp-json\/wp\/v2\/product"}],"about":[{"href":"https:\/\/sorgarmidstod.is\/pl\/wp-json\/wp\/v2\/types\/product"}],"wp:featuredmedia":[{"embeddable":true,"href":"https:\/\/sorgarmidstod.is\/pl\/wp-json\/wp\/v2\/media\/4058"}],"wp:attachment":[{"href":"https:\/\/sorgarmidstod.is\/pl\/wp-json\/wp\/v2\/media?parent=4057"}],"wp:term":[{"taxonomy":"product_brand","embeddable":true,"href":"https:\/\/sorgarmidstod.is\/pl\/wp-json\/wp\/v2\/product_brand?post=4057"},{"taxonomy":"product_cat","embeddable":true,"href":"https:\/\/sorgarmidstod.is\/pl\/wp-json\/wp\/v2\/product_cat?post=4057"},{"taxonomy":"product_tag","embeddable":true,"href":"https:\/\/sorgarmidstod.is\/pl\/wp-json\/wp\/v2\/product_tag?post=4057"}],"curies":[{"name":"wp","href":"https:\/\/api.w.org\/{rel}","templated":true}]}}