

{"id":9311,"date":"2024-12-05T11:41:35","date_gmt":"2024-12-05T11:41:35","guid":{"rendered":"https:\/\/sorgarmidstod.is\/?post_type=product&#038;p=9311"},"modified":"2024-12-05T12:01:43","modified_gmt":"2024-12-05T12:01:43","slug":"mamma-tharf-ad-sofa","status":"publish","type":"product","link":"https:\/\/sorgarmidstod.is\/pl\/vara\/mamma-tharf-ad-sofa\/","title":{"rendered":"Mamma \u00fearf a\u00f0 sofa"},"content":{"rendered":"<p>Mamma \u00fearf a\u00f0 sofa er \u00fer\u00edskipt, nostalg\u00edsk \u00farvinnsla \u00e1 sorg og s\u00f6knu\u00f0i, \u00e1st, minningum og m\u00f3\u00f0urhlutverkinu. \u00deetta er lj\u00f3\u00f0verk sem er \u00e1hrifamiki\u00f0 og n\u00edstandi en st\u00edllinn einkennist af hversdagslegum t\u00f6frum.<\/p>\n<p>Mamma \u00fearf a\u00f0 sofa er \u00feri\u00f0ja sk\u00e1ldverk D\u00ed\u00f6nu Sjafnar, en \u00e1\u00f0ur hefur h\u00fan gefi\u00f0 \u00fat lj\u00f3\u00f0ab\u00f3kina FREYJA og sk\u00e1lds\u00f6guna \u00d3lyfjan.<\/p>\n<p>Allur \u00e1g\u00f3\u00f0i af s\u00f6lu b\u00f3karinnar fer \u00ed a\u00f0 styrkja stu\u00f0ningsh\u00f3pastarf fyrir \u00feau sem hafa misst foreldri.<\/p>\n","protected":false},"excerpt":{"rendered":"<p>Mamma \u00fearf a\u00f0 sofa er \u00fer\u00edskipt, nostalg\u00edsk \u00farvinnsla \u00e1 sorg og s\u00f6knu\u00f0i, \u00e1st, minningum og m\u00f3\u00f0urhlutverkinu. \u00deetta er lj\u00f3\u00f0verk sem er \u00e1hrifamiki\u00f0 og n\u00edstandi en st\u00edllinn einkennist af hversdagslegum t\u00f6frum. Mamma \u00fearf a\u00f0 sofa er \u00feri\u00f0ja sk\u00e1ldverk D\u00ed\u00f6nu Sjafnar, en \u00e1\u00f0ur hefur h\u00fan gefi\u00f0 \u00fat lj\u00f3\u00f0ab\u00f3kina FREYJA og sk\u00e1lds\u00f6guna \u00d3lyfjan. Allur \u00e1g\u00f3\u00f0i af s\u00f6lu b\u00f3karinnar [&hellip;]<\/p>\n","protected":false},"featured_media":9312,"template":"","meta":{"_exactmetrics_skip_tracking":false,"_exactmetrics_sitenote_active":false,"_exactmetrics_sitenote_note":"","_exactmetrics_sitenote_category":0},"product_brand":[],"product_cat":[44],"product_tag":[],"class_list":{"0":"post-9311","1":"product","2":"type-product","3":"status-publish","4":"has-post-thumbnail","6":"product_cat-baekur","8":"first","9":"instock","10":"shipping-taxable","11":"purchasable","12":"product-type-simple"},"_links":{"self":[{"href":"https:\/\/sorgarmidstod.is\/pl\/wp-json\/wp\/v2\/product\/9311","targetHints":{"allow":["GET"]}}],"collection":[{"href":"https:\/\/sorgarmidstod.is\/pl\/wp-json\/wp\/v2\/product"}],"about":[{"href":"https:\/\/sorgarmidstod.is\/pl\/wp-json\/wp\/v2\/types\/product"}],"wp:featuredmedia":[{"embeddable":true,"href":"https:\/\/sorgarmidstod.is\/pl\/wp-json\/wp\/v2\/media\/9312"}],"wp:attachment":[{"href":"https:\/\/sorgarmidstod.is\/pl\/wp-json\/wp\/v2\/media?parent=9311"}],"wp:term":[{"taxonomy":"product_brand","embeddable":true,"href":"https:\/\/sorgarmidstod.is\/pl\/wp-json\/wp\/v2\/product_brand?post=9311"},{"taxonomy":"product_cat","embeddable":true,"href":"https:\/\/sorgarmidstod.is\/pl\/wp-json\/wp\/v2\/product_cat?post=9311"},{"taxonomy":"product_tag","embeddable":true,"href":"https:\/\/sorgarmidstod.is\/pl\/wp-json\/wp\/v2\/product_tag?post=9311"}],"curies":[{"name":"wp","href":"https:\/\/api.w.org\/{rel}","templated":true}]}}