

{"id":9931,"date":"2025-04-08T10:31:06","date_gmt":"2025-04-08T10:31:06","guid":{"rendered":"https:\/\/sorgarmidstod.is\/?post_type=product&#038;p=9931"},"modified":"2026-04-03T12:20:22","modified_gmt":"2026-04-03T12:20:22","slug":"augnhvila","status":"publish","type":"product","link":"https:\/\/sorgarmidstod.is\/pl\/vara\/augnhvila\/","title":{"rendered":"Augnhv\u00edla"},"content":{"rendered":"<p>Augnhv\u00edlan er\u00a0 hita- e\u00f0a k\u00e6lipoki \u00e6tlu\u00f0 fyrir augnsv\u00e6\u00f0i\u00f0. H\u00e6gt er a\u00f0 hita hana \u00ed ofni, k\u00e6la \u00ed frysti e\u00f0a nota hana eins og h\u00fan kemur fyrir. Augnhv\u00edlur eru g\u00f3\u00f0ar vi\u00f0 h\u00f6fu\u00f0verk, hvarmab\u00f3lgu e\u00f0a \u00fereytu og \u00ferota. Augnhv\u00edlan getur l\u00edka bara hj\u00e1lpa\u00f0 a\u00f0 n\u00e1 r\u00f3.<\/p>\n<p>Einnig\u00a0 er gott a\u00f0 leggja \u00e1 enni e\u00f0a kinnar til d\u00e6mis vi\u00f0 ennis- e\u00f0a kinnholus\u00fdkingum til a\u00f0 hita e\u00f0a k\u00e6la sv\u00e6\u00f0i\u00f0.<\/p>\n<p>\u00deessar fallegu augnhv\u00edlur eru afrakstur verkefnisins \u201eVeitum hl\u00fdju\u201c \u00a0\u00fear sem VISS vinnustofa \u00e1 Fl\u00fa\u00f0um saumu\u00f0u poka \u00far afgangsefni sem f\u00e9ll til hj\u00e1 \u00feeim fyrir Sorgarmi\u00f0st\u00f6\u00f0.<\/p>\n<p>&nbsp;<\/p>\n<p>Hitun: \u00f6rbylgjuofn \u00ed 30 &#8211; 60 sek\u00fandur\u00a0 e\u00f0a\u00a0 \u00ed bakaraofni \u00ed 3-4 m\u00edn\u00fatur vi\u00f0 120\u00b0c.<\/p>\n<p>K\u00e6ling: \u00ed plastpoka \u00ed frysti \u00ed\u00a0 h\u00e1lft\u00edma.<\/p>\n<p>&nbsp;<\/p>\n<p>Augnhv\u00edluna m\u00e1 ekki setja \u00ed \u00fevottav\u00e9l. H\u00fan inniheldur hr\u00edsgrj\u00f3n.<\/p>\n<p>&nbsp;<\/p>\n<p>&nbsp;<\/p>\n","protected":false},"excerpt":{"rendered":"<p>Augnhv\u00edlan er\u00a0 hita- e\u00f0a k\u00e6lipoki \u00e6tlu\u00f0 fyrir augnsv\u00e6\u00f0i\u00f0.<\/p>\n","protected":false},"featured_media":9933,"template":"","meta":{"_exactmetrics_skip_tracking":false,"_exactmetrics_sitenote_active":false,"_exactmetrics_sitenote_note":"","_exactmetrics_sitenote_category":0},"product_brand":[],"product_cat":[66],"product_tag":[83,82],"class_list":{"0":"post-9931","1":"product","2":"type-product","3":"status-publish","4":"has-post-thumbnail","6":"product_cat-annad","7":"product_tag-augnhvila","8":"product_tag-grjonapoki","10":"first","11":"instock","12":"shipping-taxable","13":"purchasable","14":"product-type-simple"},"_links":{"self":[{"href":"https:\/\/sorgarmidstod.is\/pl\/wp-json\/wp\/v2\/product\/9931","targetHints":{"allow":["GET"]}}],"collection":[{"href":"https:\/\/sorgarmidstod.is\/pl\/wp-json\/wp\/v2\/product"}],"about":[{"href":"https:\/\/sorgarmidstod.is\/pl\/wp-json\/wp\/v2\/types\/product"}],"wp:featuredmedia":[{"embeddable":true,"href":"https:\/\/sorgarmidstod.is\/pl\/wp-json\/wp\/v2\/media\/9933"}],"wp:attachment":[{"href":"https:\/\/sorgarmidstod.is\/pl\/wp-json\/wp\/v2\/media?parent=9931"}],"wp:term":[{"taxonomy":"product_brand","embeddable":true,"href":"https:\/\/sorgarmidstod.is\/pl\/wp-json\/wp\/v2\/product_brand?post=9931"},{"taxonomy":"product_cat","embeddable":true,"href":"https:\/\/sorgarmidstod.is\/pl\/wp-json\/wp\/v2\/product_cat?post=9931"},{"taxonomy":"product_tag","embeddable":true,"href":"https:\/\/sorgarmidstod.is\/pl\/wp-json\/wp\/v2\/product_tag?post=9931"}],"curies":[{"name":"wp","href":"https:\/\/api.w.org\/{rel}","templated":true}]}}